{"id":11,"date":"2024-03-15T10:54:10","date_gmt":"2024-03-15T08:54:10","guid":{"rendered":"https:\/\/nikitabezdrobnoi23.thkit.ee\/wp\/?page_id=11"},"modified":"2024-04-12T09:02:35","modified_gmt":"2024-04-12T07:02:35","slug":"info-minust","status":"publish","type":"page","link":"https:\/\/nikitabezdrobnoi23.thkit.ee\/wp\/","title":{"rendered":"Info minust"},"content":{"rendered":"\n<p>Siia tuleb info minust<\/p>\n\n\n\n<p>Ma olen <strong>Nikita Bezdrobn\u00f5i<\/strong>, l\u00f5petasin Lasn\u00e4m\u00e4e Vene G\u00fcmnasiuu<\/p>\n\n\n\n<p>Praegu ma \u00f5ppin <a href=\"https:\/\/www.tthk.ee\/\"><strong>Tallinna t\u00f6\u00f6stushariduskeskuses<\/strong><\/a> T\u00f6\u00f6istusinformaatika erialal<\/p>\n\n\n\n<p>\u00d5ppimisest ootan palju praktikat ja saada hea palka!<\/p>\n\n\n\n<p>Minu huvisalad &#8211; <em>Kitarr, programerimine ja arvuti m\u00e4ng<\/em><\/p>\n\n\n\n<div class=\"wp-block-group is-nowrap is-layout-flex wp-container-core-group-is-layout-ad2f72ca wp-block-group-is-layout-flex\">\n<figure class=\"wp-block-image size-full\"><img loading=\"lazy\" decoding=\"async\" width=\"437\" height=\"411\" src=\"https:\/\/nikitabezdrobnoi23.thkit.ee\/wp\/wp-content\/uploads\/2024\/03\/124320b2e2725ec7d68aaef01938e21b.jpg\" alt=\"\" class=\"wp-image-12\" srcset=\"https:\/\/nikitabezdrobnoi23.thkit.ee\/wp\/wp-content\/uploads\/2024\/03\/124320b2e2725ec7d68aaef01938e21b.jpg 437w, https:\/\/nikitabezdrobnoi23.thkit.ee\/wp\/wp-content\/uploads\/2024\/03\/124320b2e2725ec7d68aaef01938e21b-300x282.jpg 300w\" sizes=\"auto, (max-width: 437px) 100vw, 437px\" \/><\/figure>\n\n\n\n<p><\/p>\n<\/div>\n","protected":false},"excerpt":{"rendered":"<p>Siia tuleb info minust Ma olen Nikita Bezdrobn\u00f5i, l\u00f5petasin Lasn\u00e4m\u00e4e Vene G\u00fcmnasiuu Praegu ma \u00f5ppin Tallinna t\u00f6\u00f6stushariduskeskuses T\u00f6\u00f6istusinformaatika erialal \u00d5ppimisest ootan palju praktikat ja saada hea palka! Minu huvisalad &#8211; Kitarr, programerimine ja arvuti m\u00e4ng<\/p>\n","protected":false},"author":1,"featured_media":0,"parent":0,"menu_order":0,"comment_status":"closed","ping_status":"closed","template":"","meta":{"_coblocks_attr":"","_coblocks_dimensions":"","_coblocks_responsive_height":"","_coblocks_accordion_ie_support":"","footnotes":""},"class_list":["post-11","page","type-page","status-publish","hentry"],"_links":{"self":[{"href":"https:\/\/nikitabezdrobnoi23.thkit.ee\/wp\/wp-json\/wp\/v2\/pages\/11","targetHints":{"allow":["GET"]}}],"collection":[{"href":"https:\/\/nikitabezdrobnoi23.thkit.ee\/wp\/wp-json\/wp\/v2\/pages"}],"about":[{"href":"https:\/\/nikitabezdrobnoi23.thkit.ee\/wp\/wp-json\/wp\/v2\/types\/page"}],"author":[{"embeddable":true,"href":"https:\/\/nikitabezdrobnoi23.thkit.ee\/wp\/wp-json\/wp\/v2\/users\/1"}],"replies":[{"embeddable":true,"href":"https:\/\/nikitabezdrobnoi23.thkit.ee\/wp\/wp-json\/wp\/v2\/comments?post=11"}],"version-history":[{"count":4,"href":"https:\/\/nikitabezdrobnoi23.thkit.ee\/wp\/wp-json\/wp\/v2\/pages\/11\/revisions"}],"predecessor-version":[{"id":50,"href":"https:\/\/nikitabezdrobnoi23.thkit.ee\/wp\/wp-json\/wp\/v2\/pages\/11\/revisions\/50"}],"wp:attachment":[{"href":"https:\/\/nikitabezdrobnoi23.thkit.ee\/wp\/wp-json\/wp\/v2\/media?parent=11"}],"curies":[{"name":"wp","href":"https:\/\/api.w.org\/{rel}","templated":true}]}}